{"id":510,"date":"2024-05-07T16:26:02","date_gmt":"2024-05-07T14:26:02","guid":{"rendered":"https:\/\/colegiosantaclaudiamelipilla.com\/?page_id=510"},"modified":"2025-08-19T14:57:24","modified_gmt":"2025-08-19T12:57:24","slug":"noticias","status":"publish","type":"page","link":"https:\/\/colegiosantaclaudiamelipilla.com\/index.php\/noticias\/","title":{"rendered":""},"content":{"rendered":"\n<div class=\"wp-block-cover alignfull\" style=\"min-height:567px;aspect-ratio:unset;\"><span aria-hidden=\"true\" class=\"wp-block-cover__background has-background-dim-0 has-background-dim\"><\/span><img loading=\"lazy\" decoding=\"async\" width=\"1280\" height=\"720\" class=\"wp-block-cover__image-background wp-image-538\" alt=\"\" src=\"https:\/\/colegiosantaclaudiamelipilla.com\/wp-content\/uploads\/2024\/05\/Banner-de-YouTube-Oscuro-Rojo-Blanco-Noticias-Genericas-1.gif\" data-object-fit=\"cover\"\/><div class=\"wp-block-cover__inner-container is-layout-flow wp-block-cover-is-layout-flow\">\n<div class=\"wp-block-columns alignwide is-layout-flex wp-container-core-columns-is-layout-1 wp-block-columns-is-layout-flex\">\n<div class=\"wp-block-column is-layout-flow wp-block-column-is-layout-flow\" style=\"flex-basis:55%\"><\/div>\n\n\n\n<div class=\"wp-block-column is-layout-flow wp-block-column-is-layout-flow\"><\/div>\n<\/div>\n<\/div><\/div>\n\n\n\n<hr class=\"wp-block-separator has-css-opacity is-style-wide\"\/>\n\n\n\n<div class=\"wp-block-columns alignwide is-layout-flex wp-container-core-columns-is-layout-2 wp-block-columns-is-layout-flex\">\n<div class=\"wp-block-column is-layout-flow wp-block-column-is-layout-flow\" style=\"flex-basis:33.33%\">\n<p><\/p>\n\n\n\n<h6 class=\"wp-block-heading has-text-align-center\"><strong>Destapan red de explotaci\u00f3n sexual infantil: As\u00ed cayeron los \u201ccazadores\u201d de TikTok | chv noticias<\/strong><\/h6>\n\n\n\n<figure class=\"wp-block-image aligncenter size-full is-resized\"><img loading=\"lazy\" decoding=\"async\" width=\"600\" height=\"600\" src=\"https:\/\/colegiosantaclaudiamelipilla.com\/wp-content\/uploads\/2025\/08\/chilevision-logo-png_seeklogo-463202.png\" alt=\"\" class=\"wp-image-917\" style=\"width:260px;height:auto\" srcset=\"https:\/\/colegiosantaclaudiamelipilla.com\/wp-content\/uploads\/2025\/08\/chilevision-logo-png_seeklogo-463202.png 600w, https:\/\/colegiosantaclaudiamelipilla.com\/wp-content\/uploads\/2025\/08\/chilevision-logo-png_seeklogo-463202-300x300.png 300w, https:\/\/colegiosantaclaudiamelipilla.com\/wp-content\/uploads\/2025\/08\/chilevision-logo-png_seeklogo-463202-150x150.png 150w\" sizes=\"auto, (max-width: 600px) 100vw, 600px\" \/><\/figure>\n<\/div>\n\n\n\n<div class=\"wp-block-column is-layout-flow wp-block-column-is-layout-flow\" style=\"flex-basis:66.66%\">\n<div style=\"height:15px\" aria-hidden=\"true\" class=\"wp-block-spacer\"><\/div>\n\n\n\n<figure class=\"wp-block-embed is-type-video is-provider-youtube wp-block-embed-youtube wp-embed-aspect-16-9 wp-has-aspect-ratio\"><div class=\"wp-block-embed__wrapper\">\n<iframe loading=\"lazy\" title=\"Destapan red de explotaci\u00f3n sexual infantil: As\u00ed cayeron los \u201ccazadores\u201d de TikTok | Reportajes\" width=\"500\" height=\"281\" src=\"https:\/\/www.youtube.com\/embed\/NufuvwFpIhY?feature=oembed\" frameborder=\"0\" allow=\"accelerometer; autoplay; clipboard-write; encrypted-media; gyroscope; picture-in-picture; web-share\" referrerpolicy=\"strict-origin-when-cross-origin\" allowfullscreen><\/iframe>\n<\/div><\/figure>\n<\/div>\n<\/div>\n\n\n\n<hr class=\"wp-block-separator has-css-opacity is-style-wide\"\/>\n\n\n\n<div class=\"wp-block-columns alignwide is-layout-flex wp-container-core-columns-is-layout-3 wp-block-columns-is-layout-flex\">\n<div class=\"wp-block-column is-layout-flow wp-block-column-is-layout-flow\" style=\"flex-basis:33.33%\">\n<p><\/p>\n\n\n\n<h6 class=\"wp-block-heading has-text-align-center\"><strong>Roblox: el juego para ni\u00f1os que tiene en jaque a los padres | 24 Horas TVN Chile<\/strong><\/h6>\n\n\n\n<figure class=\"wp-block-image aligncenter size-large is-resized\"><img loading=\"lazy\" decoding=\"async\" width=\"1024\" height=\"438\" src=\"https:\/\/colegiosantaclaudiamelipilla.com\/wp-content\/uploads\/2024\/05\/Logotipo_de_Television_Nacional_de_Chile-1024x438.png\" alt=\"\" class=\"wp-image-513\" style=\"width:260px;height:auto\" srcset=\"https:\/\/colegiosantaclaudiamelipilla.com\/wp-content\/uploads\/2024\/05\/Logotipo_de_Television_Nacional_de_Chile-1024x438.png 1024w, https:\/\/colegiosantaclaudiamelipilla.com\/wp-content\/uploads\/2024\/05\/Logotipo_de_Television_Nacional_de_Chile-300x128.png 300w, https:\/\/colegiosantaclaudiamelipilla.com\/wp-content\/uploads\/2024\/05\/Logotipo_de_Television_Nacional_de_Chile-768x328.png 768w, https:\/\/colegiosantaclaudiamelipilla.com\/wp-content\/uploads\/2024\/05\/Logotipo_de_Television_Nacional_de_Chile-1536x657.png 1536w, https:\/\/colegiosantaclaudiamelipilla.com\/wp-content\/uploads\/2024\/05\/Logotipo_de_Television_Nacional_de_Chile.png 2007w\" sizes=\"auto, (max-width: 1024px) 100vw, 1024px\" \/><\/figure>\n<\/div>\n\n\n\n<div class=\"wp-block-column is-layout-flow wp-block-column-is-layout-flow\" style=\"flex-basis:66.66%\">\n<div style=\"height:15px\" aria-hidden=\"true\" class=\"wp-block-spacer\"><\/div>\n\n\n\n<figure class=\"wp-block-embed is-type-video is-provider-youtube wp-block-embed-youtube wp-embed-aspect-16-9 wp-has-aspect-ratio\"><div class=\"wp-block-embed__wrapper\">\n<iframe loading=\"lazy\" title=\"Roblox: el juego para ni\u00f1os que tiene en jaque a los padres | 24 Horas TVN Chile\" width=\"500\" height=\"281\" src=\"https:\/\/www.youtube.com\/embed\/kOmemfXqZQ0?feature=oembed\" frameborder=\"0\" allow=\"accelerometer; autoplay; clipboard-write; encrypted-media; gyroscope; picture-in-picture; web-share\" referrerpolicy=\"strict-origin-when-cross-origin\" allowfullscreen><\/iframe>\n<\/div><\/figure>\n<\/div>\n<\/div>\n\n\n\n<div style=\"height:15px\" aria-hidden=\"true\" class=\"wp-block-spacer\"><\/div>\n\n\n\n<hr class=\"wp-block-separator has-css-opacity is-style-wide\"\/>\n\n\n\n<div class=\"wp-block-columns alignwide is-layout-flex wp-container-core-columns-is-layout-5 wp-block-columns-is-layout-flex\">\n<div class=\"wp-block-column is-layout-flow wp-block-column-is-layout-flow\">\n<div class=\"wp-block-columns are-vertically-aligned-center is-layout-flex wp-container-core-columns-is-layout-4 wp-block-columns-is-layout-flex\">\n<div class=\"wp-block-column is-vertically-aligned-center is-layout-flow wp-block-column-is-layout-flow\" style=\"flex-basis:33.33%\">\n<h6 class=\"wp-block-heading has-text-align-center\"><strong>Atenci\u00f3n a los ni\u00f1os: enfrentamos a ped\u00f3filos que acechan en videojuegos&nbsp;<a href=\"https:\/\/www.youtube.com\/hashtag\/reportajest13\">#ReportajesT13<\/a><\/strong><\/h6>\n\n\n\n<figure class=\"wp-block-image aligncenter size-large is-resized\"><img loading=\"lazy\" decoding=\"async\" width=\"1024\" height=\"683\" src=\"https:\/\/colegiosantaclaudiamelipilla.com\/wp-content\/uploads\/2024\/05\/Logotipo_de_Teletrece_2019-2022-1-1024x683.png\" alt=\"\" class=\"wp-image-518\" style=\"width:247px;height:auto\" srcset=\"https:\/\/colegiosantaclaudiamelipilla.com\/wp-content\/uploads\/2024\/05\/Logotipo_de_Teletrece_2019-2022-1-1024x683.png 1024w, https:\/\/colegiosantaclaudiamelipilla.com\/wp-content\/uploads\/2024\/05\/Logotipo_de_Teletrece_2019-2022-1-300x200.png 300w, https:\/\/colegiosantaclaudiamelipilla.com\/wp-content\/uploads\/2024\/05\/Logotipo_de_Teletrece_2019-2022-1-768x512.png 768w, https:\/\/colegiosantaclaudiamelipilla.com\/wp-content\/uploads\/2024\/05\/Logotipo_de_Teletrece_2019-2022-1.png 1330w\" sizes=\"auto, (max-width: 1024px) 100vw, 1024px\" \/><\/figure>\n<\/div>\n\n\n\n<div class=\"wp-block-column is-vertically-aligned-center is-layout-flow wp-block-column-is-layout-flow\" style=\"flex-basis:66.66%\">\n<div style=\"height:15px\" aria-hidden=\"true\" class=\"wp-block-spacer\"><\/div>\n\n\n\n<figure class=\"wp-block-embed is-type-video is-provider-youtube wp-block-embed-youtube wp-embed-aspect-16-9 wp-has-aspect-ratio\"><div class=\"wp-block-embed__wrapper\">\n<iframe loading=\"lazy\" title=\"Atenci\u00f3n a los ni\u00f1os: enfrentamos a ped\u00f3filos que acechan en videojuegos #ReportajesT13\" width=\"500\" height=\"281\" src=\"https:\/\/www.youtube.com\/embed\/0eYjP81D6PY?feature=oembed\" frameborder=\"0\" allow=\"accelerometer; autoplay; clipboard-write; encrypted-media; gyroscope; picture-in-picture; web-share\" referrerpolicy=\"strict-origin-when-cross-origin\" allowfullscreen><\/iframe>\n<\/div><\/figure>\n<\/div>\n<\/div>\n<\/div>\n<\/div>\n\n\n\n<div style=\"height:56px\" aria-hidden=\"true\" class=\"wp-block-spacer\"><\/div>\n\n\n\n<div class=\"wp-block-cover alignfull wp-duotone-rgb4448102-ffb23d-1\" style=\"margin-top:0;padding-top:4vw;padding-right:4vw;padding-bottom:4vw;padding-left:4vw;min-height:50vh;aspect-ratio:unset;\"><span aria-hidden=\"true\" class=\"wp-block-cover__background has-background-dim-90 has-background-dim\" style=\"background-color:#2c3066\"><\/span><img decoding=\"async\" class=\"wp-block-cover__image-background wp-image-334\" alt=\"\" src=\"https:\/\/pd.w.org\/2022\/01\/2661f82cd1ba9172.16386413.jpg\" data-object-fit=\"cover\"\/><div class=\"wp-block-cover__inner-container is-layout-flow wp-block-cover-is-layout-flow\">\n<div class=\"wp-block-group is-layout-flow wp-container-core-group-is-layout-1 wp-block-group-is-layout-flow\">\n<figure class=\"wp-block-image aligncenter size-full is-resized\"><img loading=\"lazy\" decoding=\"async\" width=\"512\" height=\"512\" src=\"https:\/\/colegiosantaclaudiamelipilla.com\/wp-content\/uploads\/2023\/09\/cropped-sta-claudia.png\" alt=\"\" class=\"wp-image-24\" style=\"width:160px;height:auto\" srcset=\"https:\/\/colegiosantaclaudiamelipilla.com\/wp-content\/uploads\/2023\/09\/cropped-sta-claudia.png 512w, https:\/\/colegiosantaclaudiamelipilla.com\/wp-content\/uploads\/2023\/09\/cropped-sta-claudia-300x300.png 300w, https:\/\/colegiosantaclaudiamelipilla.com\/wp-content\/uploads\/2023\/09\/cropped-sta-claudia-150x150.png 150w, https:\/\/colegiosantaclaudiamelipilla.com\/wp-content\/uploads\/2023\/09\/cropped-sta-claudia-270x270.png 270w, https:\/\/colegiosantaclaudiamelipilla.com\/wp-content\/uploads\/2023\/09\/cropped-sta-claudia-192x192.png 192w, https:\/\/colegiosantaclaudiamelipilla.com\/wp-content\/uploads\/2023\/09\/cropped-sta-claudia-180x180.png 180w, https:\/\/colegiosantaclaudiamelipilla.com\/wp-content\/uploads\/2023\/09\/cropped-sta-claudia-32x32.png 32w\" sizes=\"auto, (max-width: 512px) 100vw, 512px\" \/><\/figure>\n\n\n\n<div style=\"height:48px\" aria-hidden=\"true\" class=\"wp-block-spacer\"><\/div>\n\n\n\n<div class=\"wp-block-buttons is-content-justification-center is-layout-flex wp-container-core-buttons-is-layout-1 wp-block-buttons-is-layout-flex\">\n<div class=\"wp-block-button has-custom-font-size\" style=\"font-size:20px;font-style:normal;font-weight:700;letter-spacing:1px;text-transform:uppercase\"><a class=\"wp-block-button__link has-text-color has-background wp-element-button\" href=\"https:\/\/colegiosantaclaudiamelipilla.com\/index.php\/inicio\/\" style=\"color:#2c3066;background-color:#ffb23d;padding-top:32px;padding-right:48px;padding-bottom:32px;padding-left:48px\">INICIO<\/a><\/div>\n<\/div>\n<\/div>\n<\/div><\/div>\n","protected":false},"excerpt":{"rendered":"<p>Destapan red de explotaci\u00f3n sexual infantil: As\u00ed cayeron los \u201ccazadores\u201d de TikTok | chv noticias Roblox: el juego para ni\u00f1os que tiene en jaque a los padres | 24 Horas TVN Chile Atenci\u00f3n a los ni\u00f1os: enfrentamos a ped\u00f3filos que acechan en videojuegos&nbsp;#ReportajesT13<\/p>\n","protected":false},"author":1,"featured_media":0,"parent":0,"menu_order":0,"comment_status":"closed","ping_status":"closed","template":"","meta":{"footnotes":""},"class_list":["post-510","page","type-page","status-publish","hentry"],"_links":{"self":[{"href":"https:\/\/colegiosantaclaudiamelipilla.com\/index.php\/wp-json\/wp\/v2\/pages\/510","targetHints":{"allow":["GET"]}}],"collection":[{"href":"https:\/\/colegiosantaclaudiamelipilla.com\/index.php\/wp-json\/wp\/v2\/pages"}],"about":[{"href":"https:\/\/colegiosantaclaudiamelipilla.com\/index.php\/wp-json\/wp\/v2\/types\/page"}],"author":[{"embeddable":true,"href":"https:\/\/colegiosantaclaudiamelipilla.com\/index.php\/wp-json\/wp\/v2\/users\/1"}],"replies":[{"embeddable":true,"href":"https:\/\/colegiosantaclaudiamelipilla.com\/index.php\/wp-json\/wp\/v2\/comments?post=510"}],"version-history":[{"count":13,"href":"https:\/\/colegiosantaclaudiamelipilla.com\/index.php\/wp-json\/wp\/v2\/pages\/510\/revisions"}],"predecessor-version":[{"id":918,"href":"https:\/\/colegiosantaclaudiamelipilla.com\/index.php\/wp-json\/wp\/v2\/pages\/510\/revisions\/918"}],"wp:attachment":[{"href":"https:\/\/colegiosantaclaudiamelipilla.com\/index.php\/wp-json\/wp\/v2\/media?parent=510"}],"curies":[{"name":"wp","href":"https:\/\/api.w.org\/{rel}","templated":true}]}}